{"id":23,"date":"2022-07-27T22:28:00","date_gmt":"2022-07-27T20:28:00","guid":{"rendered":"https:\/\/lagalappen.de\/index.php\/about\/"},"modified":"2022-07-29T20:07:25","modified_gmt":"2022-07-29T18:07:25","slug":"die-redaktion","status":"publish","type":"page","link":"https:\/\/lagalappen.de\/index.php\/die-redaktion\/","title":{"rendered":"Die Redaktion"},"content":{"rendered":"\t\t<div data-elementor-type=\"wp-page\" data-elementor-id=\"23\" class=\"elementor elementor-23\">\n\t\t\t\t\t\t\t\t\t<section class=\"elementor-section elementor-top-section elementor-element elementor-element-f4a4b07 elementor-section-boxed elementor-section-height-default elementor-section-height-default\" data-id=\"f4a4b07\" data-element_type=\"section\">\n\t\t\t\t\t\t<div class=\"elementor-container elementor-column-gap-default\">\n\t\t\t\t\t<div class=\"elementor-column elementor-col-100 elementor-top-column elementor-element elementor-element-1d6aef7\" data-id=\"1d6aef7\" data-element_type=\"column\">\n\t\t\t<div class=\"elementor-widget-wrap elementor-element-populated\">\n\t\t\t\t\t\t\t\t<div class=\"elementor-element elementor-element-16425bf elementor-widget elementor-widget-spacer\" data-id=\"16425bf\" data-element_type=\"widget\" data-widget_type=\"spacer.default\">\n\t\t\t\t<div class=\"elementor-widget-container\">\n\t\t\t<style>\/*! elementor - v3.6.8 - 27-07-2022 *\/\n.e-container.e-container--row .elementor-spacer-inner{width:var(--spacer-size)}.e-container.e-container--column .elementor-spacer-inner,.elementor-column .elementor-spacer-inner{height:var(--spacer-size)}<\/style>\t\t<div class=\"elementor-spacer\">\n\t\t\t<div class=\"elementor-spacer-inner\"><\/div>\n\t\t<\/div>\n\t\t\t\t<\/div>\n\t\t\t\t<\/div>\n\t\t\t\t\t<\/div>\n\t\t<\/div>\n\t\t\t\t\t\t\t<\/div>\n\t\t<\/section>\n\t\t\t\t<section class=\"elementor-section elementor-top-section elementor-element elementor-element-788e59e6 elementor-section-full_width elementor-section-height-default elementor-section-height-default\" data-id=\"788e59e6\" data-element_type=\"section\">\n\t\t\t\t\t\t<div class=\"elementor-container elementor-column-gap-no\">\n\t\t\t\t\t<div class=\"elementor-column elementor-col-50 elementor-top-column elementor-element elementor-element-1ed113d6\" data-id=\"1ed113d6\" data-element_type=\"column\">\n\t\t\t<div class=\"elementor-widget-wrap elementor-element-populated\">\n\t\t\t\t\t\t\t\t<div class=\"elementor-element elementor-element-543597b2 elementor-widget elementor-widget-heading\" data-id=\"543597b2\" data-element_type=\"widget\" data-widget_type=\"heading.default\">\n\t\t\t\t<div class=\"elementor-widget-container\">\n\t\t\t<style>\/*! elementor - v3.6.8 - 27-07-2022 *\/\n.elementor-heading-title{padding:0;margin:0;line-height:1}.elementor-widget-heading .elementor-heading-title[class*=elementor-size-]>a{color:inherit;font-size:inherit;line-height:inherit}.elementor-widget-heading .elementor-heading-title.elementor-size-small{font-size:15px}.elementor-widget-heading .elementor-heading-title.elementor-size-medium{font-size:19px}.elementor-widget-heading .elementor-heading-title.elementor-size-large{font-size:29px}.elementor-widget-heading .elementor-heading-title.elementor-size-xl{font-size:39px}.elementor-widget-heading .elementor-heading-title.elementor-size-xxl{font-size:59px}<\/style><h1 class=\"elementor-heading-title elementor-size-default\">Die Redaktion<\/h1>\t\t<\/div>\n\t\t\t\t<\/div>\n\t\t\t\t<div class=\"elementor-element elementor-element-3689de7c elementor-widget elementor-widget-text-editor\" data-id=\"3689de7c\" data-element_type=\"widget\" data-widget_type=\"text-editor.default\">\n\t\t\t\t<div class=\"elementor-widget-container\">\n\t\t\t<style>\/*! elementor - v3.6.8 - 27-07-2022 *\/\n.elementor-widget-text-editor.elementor-drop-cap-view-stacked .elementor-drop-cap{background-color:#818a91;color:#fff}.elementor-widget-text-editor.elementor-drop-cap-view-framed .elementor-drop-cap{color:#818a91;border:3px solid;background-color:transparent}.elementor-widget-text-editor:not(.elementor-drop-cap-view-default) .elementor-drop-cap{margin-top:8px}.elementor-widget-text-editor:not(.elementor-drop-cap-view-default) .elementor-drop-cap-letter{width:1em;height:1em}.elementor-widget-text-editor .elementor-drop-cap{float:left;text-align:center;line-height:1;font-size:50px}.elementor-widget-text-editor .elementor-drop-cap-letter{display:inline-block}<\/style>\t\t\t\t<p>Die Redaktion des Lagalappens setzt sich aus mehreren Personengruppen zusammen, diese m\u00f6chten wir euch hier vorstellen!<\/p>\t\t\t\t\t\t<\/div>\n\t\t\t\t<\/div>\n\t\t\t\t\t<\/div>\n\t\t<\/div>\n\t\t\t\t<div class=\"elementor-column elementor-col-50 elementor-top-column elementor-element elementor-element-c5b678c\" data-id=\"c5b678c\" data-element_type=\"column\">\n\t\t\t<div class=\"elementor-widget-wrap elementor-element-populated\">\n\t\t\t\t\t\t\t\t<div class=\"elementor-element elementor-element-ee1b621 elementor-widget elementor-widget-image\" data-id=\"ee1b621\" data-element_type=\"widget\" data-widget_type=\"image.default\">\n\t\t\t\t<div class=\"elementor-widget-container\">\n\t\t\t<style>\/*! elementor - v3.6.8 - 27-07-2022 *\/\n.elementor-widget-image{text-align:center}.elementor-widget-image a{display:inline-block}.elementor-widget-image a img[src$=\".svg\"]{width:48px}.elementor-widget-image img{vertical-align:middle;display:inline-block}<\/style>\t\t\t\t\t\t\t\t\t\t\t\t<img loading=\"lazy\" decoding=\"async\" width=\"512\" height=\"512\" src=\"https:\/\/lagalappen.de\/wp-content\/uploads\/2022\/07\/SmallLogo512x512.png\" class=\"attachment-large size-large\" alt=\"\" srcset=\"https:\/\/lagalappen.de\/wp-content\/uploads\/2022\/07\/SmallLogo512x512.png 512w, https:\/\/lagalappen.de\/wp-content\/uploads\/2022\/07\/SmallLogo512x512-300x300.png 300w, https:\/\/lagalappen.de\/wp-content\/uploads\/2022\/07\/SmallLogo512x512-150x150.png 150w\" sizes=\"auto, (max-width: 512px) 100vw, 512px\" \/>\t\t\t\t\t\t\t\t\t\t\t\t\t\t\t<\/div>\n\t\t\t\t<\/div>\n\t\t\t\t\t<\/div>\n\t\t<\/div>\n\t\t\t\t\t\t\t<\/div>\n\t\t<\/section>\n\t\t\t\t<section class=\"elementor-section elementor-top-section elementor-element elementor-element-30428365 elementor-section-full_width elementor-section-content-middle elementor-section-height-default elementor-section-height-default\" data-id=\"30428365\" data-element_type=\"section\" data-settings=\"{&quot;background_background&quot;:&quot;classic&quot;}\">\n\t\t\t\t\t\t<div class=\"elementor-container elementor-column-gap-no\">\n\t\t\t\t\t<div class=\"elementor-column elementor-col-100 elementor-top-column elementor-element elementor-element-14380808\" data-id=\"14380808\" data-element_type=\"column\">\n\t\t\t<div class=\"elementor-widget-wrap elementor-element-populated\">\n\t\t\t\t\t\t\t\t<div class=\"elementor-element elementor-element-1789fc49 elementor-widget elementor-widget-heading\" data-id=\"1789fc49\" data-element_type=\"widget\" data-widget_type=\"heading.default\">\n\t\t\t\t<div class=\"elementor-widget-container\">\n\t\t\t<h2 class=\"elementor-heading-title elementor-size-default\">Das Team Print<\/h2>\t\t<\/div>\n\t\t\t\t<\/div>\n\t\t\t\t<div class=\"elementor-element elementor-element-24c41c36 elementor-widget elementor-widget-heading\" data-id=\"24c41c36\" data-element_type=\"widget\" data-widget_type=\"heading.default\">\n\t\t\t\t<div class=\"elementor-widget-container\">\n\t\t\t<h5 class=\"elementor-heading-title elementor-size-default\">Das Print Team ist f\u00fcr die Ausgedruckte und im Laga verbreitete Version des Lagalappens verantwortlich!<\/h5>\t\t<\/div>\n\t\t\t\t<\/div>\n\t\t\t\t<div class=\"elementor-element elementor-element-55832d94 elementor-arrows-position-inside elementor-widget elementor-widget-image-carousel\" data-id=\"55832d94\" data-element_type=\"widget\" data-settings=\"{&quot;slides_to_show&quot;:&quot;3&quot;,&quot;slides_to_show_tablet&quot;:&quot;3&quot;,&quot;navigation&quot;:&quot;arrows&quot;,&quot;image_spacing_custom&quot;:{&quot;unit&quot;:&quot;px&quot;,&quot;size&quot;:&quot;55&quot;,&quot;sizes&quot;:[]},&quot;slides_to_scroll_tablet&quot;:&quot;1&quot;,&quot;slides_to_show_mobile&quot;:&quot;1&quot;,&quot;autoplay&quot;:&quot;no&quot;,&quot;infinite&quot;:&quot;no&quot;,&quot;speed&quot;:500}\" data-widget_type=\"image-carousel.default\">\n\t\t\t\t<div class=\"elementor-widget-container\">\n\t\t\t<style>\/*! elementor - v3.6.8 - 27-07-2022 *\/\n.elementor-widget-image-carousel .swiper-container{position:static}.elementor-widget-image-carousel .swiper-container .swiper-slide figure{line-height:inherit}.elementor-widget-image-carousel .swiper-slide{text-align:center}.elementor-image-carousel-wrapper:not(.swiper-container-initialized) .swiper-slide{max-width:calc(100% \/ var(--e-image-carousel-slides-to-show, 3))}<\/style>\t\t<div class=\"elementor-image-carousel-wrapper swiper-container\" dir=\"ltr\">\n\t\t\t<div class=\"elementor-image-carousel swiper-wrapper\">\n\t\t\t\t\t\t\t\t<div class=\"swiper-slide\"><figure class=\"swiper-slide-inner\"><img decoding=\"async\" class=\"swiper-slide-image\" src=\"https:\/\/lagalappen.de\/wp-content\/uploads\/2022\/07\/Lukas-Thomalla-768x576.jpg\" alt=\"Lukas Thomalla\" \/><figcaption class=\"elementor-image-carousel-caption\">Lukas Thomalla<\/figcaption><\/figure><\/div><div class=\"swiper-slide\"><figure class=\"swiper-slide-inner\"><img decoding=\"async\" class=\"swiper-slide-image\" src=\"https:\/\/lagalappen.de\/wp-content\/uploads\/2022\/07\/Maik-Ehemann-768x576.jpg\" alt=\"Maik Ehemann\" \/><figcaption class=\"elementor-image-carousel-caption\">Maik Ehemann<\/figcaption><\/figure><\/div><div class=\"swiper-slide\"><figure class=\"swiper-slide-inner\"><img decoding=\"async\" class=\"swiper-slide-image\" src=\"https:\/\/lagalappen.de\/wp-content\/uploads\/2022\/07\/Leonard-Kroeger-768x576.jpg\" alt=\"Leonard Kr\u00f6ger\" \/><figcaption class=\"elementor-image-carousel-caption\">Leonard Kr\u00f6ger<\/figcaption><\/figure><\/div>\t\t\t<\/div>\n\t\t\t\t\t\t\t\t\t\t\t\t\t\t\t\t<div class=\"elementor-swiper-button elementor-swiper-button-prev\">\n\t\t\t\t\t\t<i aria-hidden=\"true\" class=\"eicon-chevron-left\"><\/i>\t\t\t\t\t\t<span class=\"elementor-screen-only\">Zur\u00fcck<\/span>\n\t\t\t\t\t<\/div>\n\t\t\t\t\t<div class=\"elementor-swiper-button elementor-swiper-button-next\">\n\t\t\t\t\t\t<i aria-hidden=\"true\" class=\"eicon-chevron-right\"><\/i>\t\t\t\t\t\t<span class=\"elementor-screen-only\">Weiter<\/span>\n\t\t\t\t\t<\/div>\n\t\t\t\t\t\t\t\t\t<\/div>\n\t\t\t\t<\/div>\n\t\t\t\t<\/div>\n\t\t\t\t\t<\/div>\n\t\t<\/div>\n\t\t\t\t\t\t\t<\/div>\n\t\t<\/section>\n\t\t\t\t<section class=\"elementor-section elementor-top-section elementor-element elementor-element-39c542a0 elementor-section-full_width elementor-section-height-default elementor-section-height-default\" data-id=\"39c542a0\" data-element_type=\"section\">\n\t\t\t\t\t\t<div class=\"elementor-container elementor-column-gap-no\">\n\t\t\t\t\t<div class=\"elementor-column elementor-col-100 elementor-top-column elementor-element elementor-element-4195b77\" data-id=\"4195b77\" data-element_type=\"column\">\n\t\t\t<div class=\"elementor-widget-wrap elementor-element-populated\">\n\t\t\t\t\t\t\t\t<div class=\"elementor-element elementor-element-3eac4e52 elementor-widget elementor-widget-heading\" data-id=\"3eac4e52\" data-element_type=\"widget\" data-widget_type=\"heading.default\">\n\t\t\t\t<div class=\"elementor-widget-container\">\n\t\t\t<h2 class=\"elementor-heading-title elementor-size-default\">Team Social Media<\/h2>\t\t<\/div>\n\t\t\t\t<\/div>\n\t\t\t\t<div class=\"elementor-element elementor-element-15ad4513 elementor-widget elementor-widget-heading\" data-id=\"15ad4513\" data-element_type=\"widget\" data-widget_type=\"heading.default\">\n\t\t\t\t<div class=\"elementor-widget-container\">\n\t\t\t<h5 class=\"elementor-heading-title elementor-size-default\">Das Social Media Team ist zust\u00e4ndig f\u00fcr die Inhalte der Social Media Kan\u00e4le.<\/h5>\t\t<\/div>\n\t\t\t\t<\/div>\n\t\t\t\t<div class=\"elementor-element elementor-element-c28dc09 elementor-arrows-position-inside elementor-widget elementor-widget-image-carousel\" data-id=\"c28dc09\" data-element_type=\"widget\" data-settings=\"{&quot;slides_to_show&quot;:&quot;3&quot;,&quot;slides_to_show_tablet&quot;:&quot;3&quot;,&quot;navigation&quot;:&quot;arrows&quot;,&quot;image_spacing_custom&quot;:{&quot;unit&quot;:&quot;px&quot;,&quot;size&quot;:&quot;55&quot;,&quot;sizes&quot;:[]},&quot;slides_to_scroll_tablet&quot;:&quot;1&quot;,&quot;slides_to_show_mobile&quot;:&quot;1&quot;,&quot;autoplay&quot;:&quot;no&quot;,&quot;infinite&quot;:&quot;no&quot;,&quot;speed&quot;:500}\" data-widget_type=\"image-carousel.default\">\n\t\t\t\t<div class=\"elementor-widget-container\">\n\t\t\t\t\t<div class=\"elementor-image-carousel-wrapper swiper-container\" dir=\"ltr\">\n\t\t\t<div class=\"elementor-image-carousel swiper-wrapper\">\n\t\t\t\t\t\t\t\t<div class=\"swiper-slide\"><figure class=\"swiper-slide-inner\"><img decoding=\"async\" class=\"swiper-slide-image\" src=\"https:\/\/lagalappen.de\/wp-content\/uploads\/2022\/07\/Mika-Vosding-768x576.jpg\" alt=\"Mika Vosding\" \/><figcaption class=\"elementor-image-carousel-caption\">Mika Vosding<\/figcaption><\/figure><\/div><div class=\"swiper-slide\"><figure class=\"swiper-slide-inner\"><img decoding=\"async\" class=\"swiper-slide-image\" src=\"https:\/\/lagalappen.de\/wp-content\/uploads\/2022\/07\/Fynn-Luca-Schnittker-768x576.jpg\" alt=\"Fynn Luca Schnittker\" \/><figcaption class=\"elementor-image-carousel-caption\">Fynn Luca Schnittker<\/figcaption><\/figure><\/div><div class=\"swiper-slide\"><figure class=\"swiper-slide-inner\"><img decoding=\"async\" class=\"swiper-slide-image\" src=\"https:\/\/lagalappen.de\/wp-content\/uploads\/2022\/07\/Fabian-Ahlers-768x576.jpg\" alt=\"Fabian Ahlers\" \/><figcaption class=\"elementor-image-carousel-caption\">Fabian Ahlers<\/figcaption><\/figure><\/div>\t\t\t<\/div>\n\t\t\t\t\t\t\t\t\t\t\t\t\t\t\t\t<div class=\"elementor-swiper-button elementor-swiper-button-prev\">\n\t\t\t\t\t\t<i aria-hidden=\"true\" class=\"eicon-chevron-left\"><\/i>\t\t\t\t\t\t<span class=\"elementor-screen-only\">Zur\u00fcck<\/span>\n\t\t\t\t\t<\/div>\n\t\t\t\t\t<div class=\"elementor-swiper-button elementor-swiper-button-next\">\n\t\t\t\t\t\t<i aria-hidden=\"true\" class=\"eicon-chevron-right\"><\/i>\t\t\t\t\t\t<span class=\"elementor-screen-only\">Weiter<\/span>\n\t\t\t\t\t<\/div>\n\t\t\t\t\t\t\t\t\t<\/div>\n\t\t\t\t<\/div>\n\t\t\t\t<\/div>\n\t\t\t\t\t<\/div>\n\t\t<\/div>\n\t\t\t\t\t\t\t<\/div>\n\t\t<\/section>\n\t\t\t\t<section class=\"elementor-section elementor-top-section elementor-element elementor-element-8ddae1b elementor-section-full_width elementor-section-content-middle elementor-section-height-default elementor-section-height-default\" data-id=\"8ddae1b\" data-element_type=\"section\" data-settings=\"{&quot;background_background&quot;:&quot;classic&quot;}\">\n\t\t\t\t\t\t<div class=\"elementor-container elementor-column-gap-no\">\n\t\t\t\t\t<div class=\"elementor-column elementor-col-100 elementor-top-column elementor-element elementor-element-f0f8c57\" data-id=\"f0f8c57\" data-element_type=\"column\">\n\t\t\t<div class=\"elementor-widget-wrap elementor-element-populated\">\n\t\t\t\t\t\t\t\t<div class=\"elementor-element elementor-element-bf3e398 elementor-widget elementor-widget-heading\" data-id=\"bf3e398\" data-element_type=\"widget\" data-widget_type=\"heading.default\">\n\t\t\t\t<div class=\"elementor-widget-container\">\n\t\t\t<h2 class=\"elementor-heading-title elementor-size-default\">Das Fototeam<\/h2>\t\t<\/div>\n\t\t\t\t<\/div>\n\t\t\t\t<div class=\"elementor-element elementor-element-8870f98 elementor-widget elementor-widget-heading\" data-id=\"8870f98\" data-element_type=\"widget\" data-widget_type=\"heading.default\">\n\t\t\t\t<div class=\"elementor-widget-container\">\n\t\t\t<h5 class=\"elementor-heading-title elementor-size-default\">Das Fototeam dokumentiert die Ereignisse im Laga und h\u00e4lt diese f\u00fcr die Nachwelt fest.<\/h5>\t\t<\/div>\n\t\t\t\t<\/div>\n\t\t\t\t<div class=\"elementor-element elementor-element-0190666 elementor-arrows-position-inside elementor-widget elementor-widget-image-carousel\" data-id=\"0190666\" data-element_type=\"widget\" data-settings=\"{&quot;slides_to_show&quot;:&quot;4&quot;,&quot;slides_to_show_tablet&quot;:&quot;3&quot;,&quot;navigation&quot;:&quot;arrows&quot;,&quot;image_spacing_custom&quot;:{&quot;unit&quot;:&quot;px&quot;,&quot;size&quot;:&quot;55&quot;,&quot;sizes&quot;:[]},&quot;slides_to_scroll_tablet&quot;:&quot;1&quot;,&quot;slides_to_show_mobile&quot;:&quot;1&quot;,&quot;autoplay&quot;:&quot;no&quot;,&quot;infinite&quot;:&quot;no&quot;,&quot;speed&quot;:500}\" data-widget_type=\"image-carousel.default\">\n\t\t\t\t<div class=\"elementor-widget-container\">\n\t\t\t\t\t<div class=\"elementor-image-carousel-wrapper swiper-container\" dir=\"ltr\">\n\t\t\t<div class=\"elementor-image-carousel swiper-wrapper\">\n\t\t\t\t\t\t\t\t<div class=\"swiper-slide\"><figure class=\"swiper-slide-inner\"><img decoding=\"async\" class=\"swiper-slide-image\" src=\"https:\/\/lagalappen.de\/wp-content\/uploads\/2022\/07\/Julius-Arkenberg-768x576.jpg\" alt=\"Julius Arkenberg\" \/><figcaption class=\"elementor-image-carousel-caption\">Julius Arkenberg<\/figcaption><\/figure><\/div><div class=\"swiper-slide\"><figure class=\"swiper-slide-inner\"><img decoding=\"async\" class=\"swiper-slide-image\" src=\"https:\/\/lagalappen.de\/wp-content\/uploads\/2022\/07\/Robin-Funke-768x576.jpg\" alt=\"Robin Funke\" \/><figcaption class=\"elementor-image-carousel-caption\">Robin Funke<\/figcaption><\/figure><\/div><div class=\"swiper-slide\"><figure class=\"swiper-slide-inner\"><img decoding=\"async\" class=\"swiper-slide-image\" src=\"https:\/\/lagalappen.de\/wp-content\/uploads\/2022\/07\/Jeanette-Vosding-768x576.jpg\" alt=\"Jeanette Vosding\" \/><figcaption class=\"elementor-image-carousel-caption\">Jeanette Vosding<\/figcaption><\/figure><\/div><div class=\"swiper-slide\"><figure class=\"swiper-slide-inner\"><img decoding=\"async\" class=\"swiper-slide-image\" src=\"https:\/\/lagalappen.de\/wp-content\/uploads\/2022\/07\/Lukas-Thomalla-768x576.jpg\" alt=\"Lukas Thomalla\" \/><figcaption class=\"elementor-image-carousel-caption\">Lukas Thomalla<\/figcaption><\/figure><\/div>\t\t\t<\/div>\n\t\t\t\t\t\t\t\t\t\t\t\t\t\t\t\t<div class=\"elementor-swiper-button elementor-swiper-button-prev\">\n\t\t\t\t\t\t<i aria-hidden=\"true\" class=\"eicon-chevron-left\"><\/i>\t\t\t\t\t\t<span class=\"elementor-screen-only\">Zur\u00fcck<\/span>\n\t\t\t\t\t<\/div>\n\t\t\t\t\t<div class=\"elementor-swiper-button elementor-swiper-button-next\">\n\t\t\t\t\t\t<i aria-hidden=\"true\" class=\"eicon-chevron-right\"><\/i>\t\t\t\t\t\t<span class=\"elementor-screen-only\">Weiter<\/span>\n\t\t\t\t\t<\/div>\n\t\t\t\t\t\t\t\t\t<\/div>\n\t\t\t\t<\/div>\n\t\t\t\t<\/div>\n\t\t\t\t\t<\/div>\n\t\t<\/div>\n\t\t\t\t\t\t\t<\/div>\n\t\t<\/section>\n\t\t\t\t\t\t\t<\/div>\n\t\t","protected":false},"excerpt":{"rendered":"<p>Die Redaktion Die Redaktion des Lagalappens setzt sich aus mehreren Personengruppen zusammen, diese m\u00f6chten wir euch hier vorstellen! Das Team Print Das Print Team ist f\u00fcr die Ausgedruckte und im Laga verbreitete Version des Lagalappens verantwortlich! Lukas Thomalla Maik Ehemann Leonard Kr\u00f6ger Zur\u00fcck Weiter Team Social Media Das Social Media Team ist zust\u00e4ndig f\u00fcr die &#8230; <a title=\"Die Redaktion\" class=\"read-more\" href=\"https:\/\/lagalappen.de\/index.php\/die-redaktion\/\" aria-label=\"Mehr dazu unter Die Redaktion\">Weiterlesen<\/a><\/p>\n","protected":false},"author":1,"featured_media":0,"parent":0,"menu_order":0,"comment_status":"closed","ping_status":"closed","template":"elementor_header_footer","meta":{"footnotes":""},"class_list":["post-23","page","type-page","status-publish"],"yoast_head":"<!-- This site is optimized with the Yoast SEO plugin v19.4 - https:\/\/yoast.com\/wordpress\/plugins\/seo\/ -->\n<title>Die Redaktion - Lagalappen<\/title>\n<meta name=\"robots\" content=\"index, follow, max-snippet:-1, max-image-preview:large, max-video-preview:-1\" \/>\n<link rel=\"canonical\" href=\"https:\/\/lagalappen.de\/index.php\/die-redaktion\/\" \/>\n<meta property=\"og:locale\" content=\"de_DE\" \/>\n<meta property=\"og:type\" content=\"article\" \/>\n<meta property=\"og:title\" content=\"Die Redaktion - Lagalappen\" \/>\n<meta property=\"og:description\" content=\"Die Redaktion Die Redaktion des Lagalappens setzt sich aus mehreren Personengruppen zusammen, diese m\u00f6chten wir euch hier vorstellen! Das Team Print Das Print Team ist f\u00fcr die Ausgedruckte und im Laga verbreitete Version des Lagalappens verantwortlich! Lukas Thomalla Maik Ehemann Leonard Kr\u00f6ger Zur\u00fcck Weiter Team Social Media Das Social Media Team ist zust\u00e4ndig f\u00fcr die ... Weiterlesen\" \/>\n<meta property=\"og:url\" content=\"https:\/\/lagalappen.de\/index.php\/die-redaktion\/\" \/>\n<meta property=\"og:site_name\" content=\"Lagalappen\" \/>\n<meta property=\"article:modified_time\" content=\"2022-07-29T18:07:25+00:00\" \/>\n<meta property=\"og:image\" content=\"https:\/\/lagalappen.de\/wp-content\/uploads\/2022\/07\/SmallLogo512x512.png\" \/>\n<meta name=\"twitter:card\" content=\"summary_large_image\" \/>\n<meta name=\"twitter:label1\" content=\"Gesch\u00e4tzte Lesezeit\" \/>\n\t<meta name=\"twitter:data1\" content=\"3\u00a0Minuten\" \/>\n<script type=\"application\/ld+json\" class=\"yoast-schema-graph\">{\"@context\":\"https:\/\/schema.org\",\"@graph\":[{\"@type\":\"Organization\",\"@id\":\"https:\/\/lagalappen.de\/#organization\",\"name\":\"Lagalappen\",\"url\":\"https:\/\/lagalappen.de\/\",\"sameAs\":[],\"logo\":{\"@type\":\"ImageObject\",\"inLanguage\":\"de\",\"@id\":\"https:\/\/lagalappen.de\/#\/schema\/logo\/image\/\",\"url\":\"https:\/\/lagalappen.de\/wp-content\/uploads\/2022\/07\/Logo.png\",\"contentUrl\":\"https:\/\/lagalappen.de\/wp-content\/uploads\/2022\/07\/Logo.png\",\"width\":1000,\"height\":687,\"caption\":\"Lagalappen\"},\"image\":{\"@id\":\"https:\/\/lagalappen.de\/#\/schema\/logo\/image\/\"}},{\"@type\":\"WebSite\",\"@id\":\"https:\/\/lagalappen.de\/#website\",\"url\":\"https:\/\/lagalappen.de\/\",\"name\":\"Lagalappen\",\"description\":\"Webseite der besten Laga Zeitung 2022\",\"publisher\":{\"@id\":\"https:\/\/lagalappen.de\/#organization\"},\"potentialAction\":[{\"@type\":\"SearchAction\",\"target\":{\"@type\":\"EntryPoint\",\"urlTemplate\":\"https:\/\/lagalappen.de\/?s={search_term_string}\"},\"query-input\":\"required name=search_term_string\"}],\"inLanguage\":\"de\"},{\"@type\":\"WebPage\",\"@id\":\"https:\/\/lagalappen.de\/index.php\/die-redaktion\/\",\"url\":\"https:\/\/lagalappen.de\/index.php\/die-redaktion\/\",\"name\":\"Die Redaktion - Lagalappen\",\"isPartOf\":{\"@id\":\"https:\/\/lagalappen.de\/#website\"},\"datePublished\":\"2022-07-27T20:28:00+00:00\",\"dateModified\":\"2022-07-29T18:07:25+00:00\",\"breadcrumb\":{\"@id\":\"https:\/\/lagalappen.de\/index.php\/die-redaktion\/#breadcrumb\"},\"inLanguage\":\"de\",\"potentialAction\":[{\"@type\":\"ReadAction\",\"target\":[\"https:\/\/lagalappen.de\/index.php\/die-redaktion\/\"]}]},{\"@type\":\"BreadcrumbList\",\"@id\":\"https:\/\/lagalappen.de\/index.php\/die-redaktion\/#breadcrumb\",\"itemListElement\":[{\"@type\":\"ListItem\",\"position\":1,\"name\":\"Startseite\",\"item\":\"https:\/\/lagalappen.de\/\"},{\"@type\":\"ListItem\",\"position\":2,\"name\":\"Die Redaktion\"}]}]}<\/script>\n<!-- \/ Yoast SEO plugin. -->","yoast_head_json":{"title":"Die Redaktion - Lagalappen","robots":{"index":"index","follow":"follow","max-snippet":"max-snippet:-1","max-image-preview":"max-image-preview:large","max-video-preview":"max-video-preview:-1"},"canonical":"https:\/\/lagalappen.de\/index.php\/die-redaktion\/","og_locale":"de_DE","og_type":"article","og_title":"Die Redaktion - Lagalappen","og_description":"Die Redaktion Die Redaktion des Lagalappens setzt sich aus mehreren Personengruppen zusammen, diese m\u00f6chten wir euch hier vorstellen! Das Team Print Das Print Team ist f\u00fcr die Ausgedruckte und im Laga verbreitete Version des Lagalappens verantwortlich! Lukas Thomalla Maik Ehemann Leonard Kr\u00f6ger Zur\u00fcck Weiter Team Social Media Das Social Media Team ist zust\u00e4ndig f\u00fcr die ... Weiterlesen","og_url":"https:\/\/lagalappen.de\/index.php\/die-redaktion\/","og_site_name":"Lagalappen","article_modified_time":"2022-07-29T18:07:25+00:00","og_image":[{"url":"https:\/\/lagalappen.de\/wp-content\/uploads\/2022\/07\/SmallLogo512x512.png"}],"twitter_card":"summary_large_image","twitter_misc":{"Gesch\u00e4tzte Lesezeit":"3\u00a0Minuten"},"schema":{"@context":"https:\/\/schema.org","@graph":[{"@type":"Organization","@id":"https:\/\/lagalappen.de\/#organization","name":"Lagalappen","url":"https:\/\/lagalappen.de\/","sameAs":[],"logo":{"@type":"ImageObject","inLanguage":"de","@id":"https:\/\/lagalappen.de\/#\/schema\/logo\/image\/","url":"https:\/\/lagalappen.de\/wp-content\/uploads\/2022\/07\/Logo.png","contentUrl":"https:\/\/lagalappen.de\/wp-content\/uploads\/2022\/07\/Logo.png","width":1000,"height":687,"caption":"Lagalappen"},"image":{"@id":"https:\/\/lagalappen.de\/#\/schema\/logo\/image\/"}},{"@type":"WebSite","@id":"https:\/\/lagalappen.de\/#website","url":"https:\/\/lagalappen.de\/","name":"Lagalappen","description":"Webseite der besten Laga Zeitung 2022","publisher":{"@id":"https:\/\/lagalappen.de\/#organization"},"potentialAction":[{"@type":"SearchAction","target":{"@type":"EntryPoint","urlTemplate":"https:\/\/lagalappen.de\/?s={search_term_string}"},"query-input":"required name=search_term_string"}],"inLanguage":"de"},{"@type":"WebPage","@id":"https:\/\/lagalappen.de\/index.php\/die-redaktion\/","url":"https:\/\/lagalappen.de\/index.php\/die-redaktion\/","name":"Die Redaktion - Lagalappen","isPartOf":{"@id":"https:\/\/lagalappen.de\/#website"},"datePublished":"2022-07-27T20:28:00+00:00","dateModified":"2022-07-29T18:07:25+00:00","breadcrumb":{"@id":"https:\/\/lagalappen.de\/index.php\/die-redaktion\/#breadcrumb"},"inLanguage":"de","potentialAction":[{"@type":"ReadAction","target":["https:\/\/lagalappen.de\/index.php\/die-redaktion\/"]}]},{"@type":"BreadcrumbList","@id":"https:\/\/lagalappen.de\/index.php\/die-redaktion\/#breadcrumb","itemListElement":[{"@type":"ListItem","position":1,"name":"Startseite","item":"https:\/\/lagalappen.de\/"},{"@type":"ListItem","position":2,"name":"Die Redaktion"}]}]}},"_links":{"self":[{"href":"https:\/\/lagalappen.de\/index.php\/wp-json\/wp\/v2\/pages\/23","targetHints":{"allow":["GET"]}}],"collection":[{"href":"https:\/\/lagalappen.de\/index.php\/wp-json\/wp\/v2\/pages"}],"about":[{"href":"https:\/\/lagalappen.de\/index.php\/wp-json\/wp\/v2\/types\/page"}],"author":[{"embeddable":true,"href":"https:\/\/lagalappen.de\/index.php\/wp-json\/wp\/v2\/users\/1"}],"replies":[{"embeddable":true,"href":"https:\/\/lagalappen.de\/index.php\/wp-json\/wp\/v2\/comments?post=23"}],"version-history":[{"count":14,"href":"https:\/\/lagalappen.de\/index.php\/wp-json\/wp\/v2\/pages\/23\/revisions"}],"predecessor-version":[{"id":236,"href":"https:\/\/lagalappen.de\/index.php\/wp-json\/wp\/v2\/pages\/23\/revisions\/236"}],"wp:attachment":[{"href":"https:\/\/lagalappen.de\/index.php\/wp-json\/wp\/v2\/media?parent=23"}],"curies":[{"name":"wp","href":"https:\/\/api.w.org\/{rel}","templated":true}]}}